{"id":209,"date":"2024-08-09T17:19:12","date_gmt":"2024-08-09T20:19:12","guid":{"rendered":"https:\/\/ingenieroscatamarca.org\/?page_id=209"},"modified":"2026-04-01T12:48:59","modified_gmt":"2026-04-01T15:48:59","slug":"requisitos-empresas","status":"publish","type":"page","link":"https:\/\/ingenieroscatamarca.org\/?page_id=209","title":{"rendered":"Requisitos Empresas"},"content":{"rendered":"\t\t<div data-elementor-type=\"wp-page\" data-elementor-id=\"209\" class=\"elementor elementor-209\">\n\t\t\t\t<div class=\"elementor-element elementor-element-dcd0920 e-flex e-con-boxed e-con e-parent\" data-id=\"dcd0920\" data-element_type=\"container\" data-e-type=\"container\">\n\t\t\t\t\t<div class=\"e-con-inner\">\n\t\t\t\t<div class=\"elementor-element elementor-element-00715df elementor-widget elementor-widget-spacer\" data-id=\"00715df\" data-element_type=\"widget\" data-e-type=\"widget\" data-widget_type=\"spacer.default\">\n\t\t\t\t<div class=\"elementor-widget-container\">\n\t\t\t\t\t\t\t<div class=\"elementor-spacer\">\n\t\t\t<div class=\"elementor-spacer-inner\"><\/div>\n\t\t<\/div>\n\t\t\t\t\t\t<\/div>\n\t\t\t\t<\/div>\n\t\t\t\t<div class=\"elementor-element elementor-element-febf9eb elementor-widget elementor-widget-heading\" data-id=\"febf9eb\" data-element_type=\"widget\" data-e-type=\"widget\" data-widget_type=\"heading.default\">\n\t\t\t\t<div class=\"elementor-widget-container\">\n\t\t\t\t\t<h2 class=\"elementor-heading-title elementor-size-default\">Requisitos<\/h2>\t\t\t\t<\/div>\n\t\t\t\t<\/div>\n\t\t\t\t<div class=\"elementor-element elementor-element-bc532ac elementor-widget elementor-widget-spacer\" data-id=\"bc532ac\" data-element_type=\"widget\" data-e-type=\"widget\" data-widget_type=\"spacer.default\">\n\t\t\t\t<div class=\"elementor-widget-container\">\n\t\t\t\t\t\t\t<div class=\"elementor-spacer\">\n\t\t\t<div class=\"elementor-spacer-inner\"><\/div>\n\t\t<\/div>\n\t\t\t\t\t\t<\/div>\n\t\t\t\t<\/div>\n\t\t\t\t\t<\/div>\n\t\t\t\t<\/div>\n\t\t<div class=\"elementor-element elementor-element-38a8e03 e-flex e-con-boxed e-con e-parent\" data-id=\"38a8e03\" data-element_type=\"container\" data-e-type=\"container\">\n\t\t\t\t\t<div class=\"e-con-inner\">\n\t\t\t\t<div class=\"elementor-element elementor-element-e216a5d elementor-widget elementor-widget-heading\" data-id=\"e216a5d\" data-element_type=\"widget\" data-e-type=\"widget\" data-widget_type=\"heading.default\">\n\t\t\t\t<div class=\"elementor-widget-container\">\n\t\t\t\t\t<h2 class=\"elementor-heading-title elementor-size-default\">REQUISITOS INSCRIPCION EMPRESAS<\/h2>\t\t\t\t<\/div>\n\t\t\t\t<\/div>\n\t\t\t\t<div class=\"elementor-element elementor-element-a946410 elementor-widget__width-initial elementor-widget elementor-widget-text-editor\" data-id=\"a946410\" data-element_type=\"widget\" data-e-type=\"widget\" data-widget_type=\"text-editor.default\">\n\t\t\t\t<div class=\"elementor-widget-container\">\n\t\t\t\t\t\t\t\t\t<p><strong>SOCIEDADES<\/strong><\/p><p>1 \u2013 Copia del Contrato social (certificado por escribano p\u00fablico).<br \/>2 \u2013 Certificado de inscripci\u00f3n en el Registro P\u00fablico de Comercio (original o certificado).<br \/>3 \u2013 Contrato\/s con el\/los representantes t\u00e9cnicos (certificado por escribano p\u00fablico) o<br \/>nombramiento y aceptaci\u00f3n por parte de este con comprobante de relaci\u00f3n de dependencia.<br \/>4 \u2013 Certificado de inscripci\u00f3n del Profesional en el Colegio respectivo.<\/p><p><strong>EMPRESAS UNIPERSONALES<\/strong><\/p><p>1 \u2013 Documento de Identidad del titular y fotocopia de 1\u00ba y 2\u00ba hoja.<br \/>2 \u2013 Certificado de inscripci\u00f3n en el Registro P\u00fablico de Comercio (original o certificado).<br \/>3 \u2013 Contrato\/s con el\/los representantes t\u00e9cnicos (certificado por escribano p\u00fablico) o<br \/>nombramiento y aceptaci\u00f3n por parte de este con comprobante de relaci\u00f3n de dependencia.<br \/>4 \u2013 Certificado de inscripci\u00f3n del Profesional en el Colegio respectivo.<\/p>\t\t\t\t\t\t\t\t<\/div>\n\t\t\t\t<\/div>\n\t\t\t\t\t<\/div>\n\t\t\t\t<\/div>\n\t\t<div class=\"elementor-element elementor-element-a1860f8 e-flex e-con-boxed e-con e-parent\" data-id=\"a1860f8\" data-element_type=\"container\" data-e-type=\"container\">\n\t\t\t\t\t<div class=\"e-con-inner\">\n\t\t\t\t<div class=\"elementor-element elementor-element-00109b4 elementor-widget elementor-widget-heading\" data-id=\"00109b4\" data-element_type=\"widget\" data-e-type=\"widget\" data-widget_type=\"heading.default\">\n\t\t\t\t<div class=\"elementor-widget-container\">\n\t\t\t\t\t<h4 class=\"elementor-heading-title elementor-size-default\">Costos de Matriculaci\u00f3n<\/h4>\t\t\t\t<\/div>\n\t\t\t\t<\/div>\n\t\t\t\t<div class=\"elementor-element elementor-element-f312f3c elementor-widget elementor-widget-text-editor\" data-id=\"f312f3c\" data-element_type=\"widget\" data-e-type=\"widget\" data-widget_type=\"text-editor.default\">\n\t\t\t\t<div class=\"elementor-widget-container\">\n\t\t\t\t\t\t\t\t\t<p><strong>Inscripci\u00f3n: $403.286,00<\/strong><\/p>\n<p><strong>Matr\u00edcula Anual: $403.286,00<\/strong><\/p>\t\t\t\t\t\t\t\t<\/div>\n\t\t\t\t<\/div>\n\t\t\t\t<div class=\"elementor-element elementor-element-6c04590 elementor-align-center elementor-widget elementor-widget-button\" data-id=\"6c04590\" data-element_type=\"widget\" data-e-type=\"widget\" data-widget_type=\"button.default\">\n\t\t\t\t<div class=\"elementor-widget-container\">\n\t\t\t\t\t\t\t\t\t<div class=\"elementor-button-wrapper\">\n\t\t\t\t\t<a class=\"elementor-button elementor-button-link elementor-size-sm\" href=\"https:\/\/ingenieroscatamarca.org\/?page_id=101\">\n\t\t\t\t\t\t<span class=\"elementor-button-content-wrapper\">\n\t\t\t\t\t\t\t\t\t<span class=\"elementor-button-text\">Medios de pago<\/span>\n\t\t\t\t\t<\/span>\n\t\t\t\t\t<\/a>\n\t\t\t\t<\/div>\n\t\t\t\t\t\t\t\t<\/div>\n\t\t\t\t<\/div>\n\t\t\t\t<div class=\"elementor-element elementor-element-3d3e1e9 elementor-widget elementor-widget-spacer\" data-id=\"3d3e1e9\" data-element_type=\"widget\" data-e-type=\"widget\" data-widget_type=\"spacer.default\">\n\t\t\t\t<div class=\"elementor-widget-container\">\n\t\t\t\t\t\t\t<div class=\"elementor-spacer\">\n\t\t\t<div class=\"elementor-spacer-inner\"><\/div>\n\t\t<\/div>\n\t\t\t\t\t\t<\/div>\n\t\t\t\t<\/div>\n\t\t\t\t\t<\/div>\n\t\t\t\t<\/div>\n\t\t\t\t<\/div>\n\t\t","protected":false},"excerpt":{"rendered":"<p>Requisitos REQUISITOS INSCRIPCION EMPRESAS SOCIEDADES 1 \u2013 Copia del Contrato social (certificado por escribano p\u00fablico).2 \u2013 Certificado de inscripci\u00f3n en el Registro P\u00fablico de Comercio (original o certificado).3 \u2013 Contrato\/s con el\/los representantes t\u00e9cnicos (certificado por escribano p\u00fablico) onombramiento y aceptaci\u00f3n por parte de este con comprobante de relaci\u00f3n de [&hellip;]<\/p>\n","protected":false},"author":1,"featured_media":73,"parent":0,"menu_order":0,"comment_status":"closed","ping_status":"closed","template":"page-templates\/template-pagebuilder-full-width.php","meta":{"_monsterinsights_skip_tracking":false,"_monsterinsights_sitenote_active":false,"_monsterinsights_sitenote_note":"","_monsterinsights_sitenote_category":0,"footnotes":""},"class_list":["post-209","page","type-page","status-publish","has-post-thumbnail","hentry"],"aioseo_notices":[],"_links":{"self":[{"href":"https:\/\/ingenieroscatamarca.org\/index.php?rest_route=\/wp\/v2\/pages\/209"}],"collection":[{"href":"https:\/\/ingenieroscatamarca.org\/index.php?rest_route=\/wp\/v2\/pages"}],"about":[{"href":"https:\/\/ingenieroscatamarca.org\/index.php?rest_route=\/wp\/v2\/types\/page"}],"author":[{"embeddable":true,"href":"https:\/\/ingenieroscatamarca.org\/index.php?rest_route=\/wp\/v2\/users\/1"}],"replies":[{"embeddable":true,"href":"https:\/\/ingenieroscatamarca.org\/index.php?rest_route=%2Fwp%2Fv2%2Fcomments&post=209"}],"version-history":[{"count":35,"href":"https:\/\/ingenieroscatamarca.org\/index.php?rest_route=\/wp\/v2\/pages\/209\/revisions"}],"predecessor-version":[{"id":2334,"href":"https:\/\/ingenieroscatamarca.org\/index.php?rest_route=\/wp\/v2\/pages\/209\/revisions\/2334"}],"wp:featuredmedia":[{"embeddable":true,"href":"https:\/\/ingenieroscatamarca.org\/index.php?rest_route=\/wp\/v2\/media\/73"}],"wp:attachment":[{"href":"https:\/\/ingenieroscatamarca.org\/index.php?rest_route=%2Fwp%2Fv2%2Fmedia&parent=209"}],"curies":[{"name":"wp","href":"https:\/\/api.w.org\/{rel}","templated":true}]}}