{"id":141,"date":"2024-08-02T09:44:41","date_gmt":"2024-08-02T12:44:41","guid":{"rendered":"https:\/\/ingenieroscatamarca.org\/?page_id=141"},"modified":"2024-08-27T19:56:34","modified_gmt":"2024-08-27T22:56:34","slug":"historia","status":"publish","type":"page","link":"https:\/\/ingenieroscatamarca.org\/?page_id=141","title":{"rendered":"Historia"},"content":{"rendered":"\t\t<div data-elementor-type=\"wp-page\" data-elementor-id=\"141\" class=\"elementor elementor-141\">\n\t\t\t\t<div class=\"elementor-element elementor-element-f702adb e-flex e-con-boxed e-con e-parent\" data-id=\"f702adb\" data-element_type=\"container\" data-e-type=\"container\">\n\t\t\t\t\t<div class=\"e-con-inner\">\n\t\t\t\t<div class=\"elementor-element elementor-element-c867e2d elementor-widget elementor-widget-heading\" data-id=\"c867e2d\" data-element_type=\"widget\" data-e-type=\"widget\" data-widget_type=\"heading.default\">\n\t\t\t\t<div class=\"elementor-widget-container\">\n\t\t\t\t\t<h2 class=\"elementor-heading-title elementor-size-default\">Historia<\/h2>\t\t\t\t<\/div>\n\t\t\t\t<\/div>\n\t\t\t\t<div class=\"elementor-element elementor-element-e1264af elementor-widget elementor-widget-text-editor\" data-id=\"e1264af\" data-element_type=\"widget\" data-e-type=\"widget\" data-widget_type=\"text-editor.default\">\n\t\t\t\t<div class=\"elementor-widget-container\">\n\t\t\t\t\t\t\t\t\t<p><\/p><p>Sociedad Civil fundada el 20 de Noviembre de 1949, con la denominaci\u00f3n de \u201cCentro de Ingenieros, Arquitectos y Agrimensores de Catamarca\u201d, inscripta en la Direcci\u00f3n de Personas Jur\u00eddicas de la Provincia de Catamarca bajo el n\u00famero 106, tomo 2, folios 130\/31, con Personer\u00eda Jur\u00eddica acordada por Decreto G N\u00ba 272\/51. <br \/>Con reformas introducidas en sus Estatutos, aprobadas mediante Decreto G N\u00ba 2387\/85, donde pasa a denominarse \u201cCentro de Ingenieros de Catamarca\u201d y fija su domicilio legal en calle 9 de Julio 416 (San Fernando del Valle de Catamarca). <br \/>Con administraci\u00f3n y control de la matr\u00edcula de los Profesionales de la Ingenier\u00eda, dentro del \u00e1mbito de la Provincia de Catamarca, excepto los de la Ingenier\u00eda Agron\u00f3mica, la Agrimensura y toda otra profesi\u00f3n que tuviese organizaci\u00f3n Profesional propia, como as\u00ed tambi\u00e9n las profesiones auxiliares comprendidas en el art\u00edculo 8\u00ba de la Ley N\u00ba 2486, a partir de la vigencia de la Ley 4996\/1999 \u2013 Decreto N\u00ba 62\/00.<\/p>\t\t\t\t\t\t\t\t<\/div>\n\t\t\t\t<\/div>\n\t\t\t\t\t<\/div>\n\t\t\t\t<\/div>\n\t\t\t\t<\/div>\n\t\t","protected":false},"excerpt":{"rendered":"<p>Historia Sociedad Civil fundada el 20 de Noviembre de 1949, con la denominaci\u00f3n de \u201cCentro de Ingenieros, Arquitectos y Agrimensores de Catamarca\u201d, inscripta en la Direcci\u00f3n de Personas Jur\u00eddicas de la Provincia de Catamarca bajo el n\u00famero 106, tomo 2, folios 130\/31, con Personer\u00eda Jur\u00eddica acordada por Decreto G N\u00ba [&hellip;]<\/p>\n","protected":false},"author":1,"featured_media":0,"parent":0,"menu_order":0,"comment_status":"closed","ping_status":"closed","template":"page-templates\/template-pagebuilder-full-width.php","meta":{"_monsterinsights_skip_tracking":false,"_monsterinsights_sitenote_active":false,"_monsterinsights_sitenote_note":"","_monsterinsights_sitenote_category":0,"footnotes":""},"class_list":["post-141","page","type-page","status-publish","hentry"],"aioseo_notices":[],"_links":{"self":[{"href":"https:\/\/ingenieroscatamarca.org\/index.php?rest_route=\/wp\/v2\/pages\/141"}],"collection":[{"href":"https:\/\/ingenieroscatamarca.org\/index.php?rest_route=\/wp\/v2\/pages"}],"about":[{"href":"https:\/\/ingenieroscatamarca.org\/index.php?rest_route=\/wp\/v2\/types\/page"}],"author":[{"embeddable":true,"href":"https:\/\/ingenieroscatamarca.org\/index.php?rest_route=\/wp\/v2\/users\/1"}],"replies":[{"embeddable":true,"href":"https:\/\/ingenieroscatamarca.org\/index.php?rest_route=%2Fwp%2Fv2%2Fcomments&post=141"}],"version-history":[{"count":4,"href":"https:\/\/ingenieroscatamarca.org\/index.php?rest_route=\/wp\/v2\/pages\/141\/revisions"}],"predecessor-version":[{"id":764,"href":"https:\/\/ingenieroscatamarca.org\/index.php?rest_route=\/wp\/v2\/pages\/141\/revisions\/764"}],"wp:attachment":[{"href":"https:\/\/ingenieroscatamarca.org\/index.php?rest_route=%2Fwp%2Fv2%2Fmedia&parent=141"}],"curies":[{"name":"wp","href":"https:\/\/api.w.org\/{rel}","templated":true}]}}