{"id":140,"date":"2024-08-02T09:44:41","date_gmt":"2024-08-02T12:44:41","guid":{"rendered":"https:\/\/ingenieroscatamarca.org\/?page_id=140"},"modified":"2024-08-15T10:08:44","modified_gmt":"2024-08-15T13:08:44","slug":"normas-y-reglamentaciones","status":"publish","type":"page","link":"https:\/\/ingenieroscatamarca.org\/?page_id=140","title":{"rendered":"Normas y Reglamentaciones"},"content":{"rendered":"\t\t<div data-elementor-type=\"wp-page\" data-elementor-id=\"140\" class=\"elementor elementor-140\">\n\t\t\t\t<div class=\"elementor-element elementor-element-75032d4 e-flex e-con-boxed e-con e-parent\" data-id=\"75032d4\" data-element_type=\"container\" data-e-type=\"container\">\n\t\t\t\t\t<div class=\"e-con-inner\">\n\t\t\t\t<div class=\"elementor-element elementor-element-68cfb6a elementor-widget elementor-widget-spacer\" data-id=\"68cfb6a\" data-element_type=\"widget\" data-e-type=\"widget\" data-widget_type=\"spacer.default\">\n\t\t\t\t<div class=\"elementor-widget-container\">\n\t\t\t\t\t\t\t<div class=\"elementor-spacer\">\n\t\t\t<div class=\"elementor-spacer-inner\"><\/div>\n\t\t<\/div>\n\t\t\t\t\t\t<\/div>\n\t\t\t\t<\/div>\n\t\t\t\t<div class=\"elementor-element elementor-element-21f7421 elementor-widget elementor-widget-heading\" data-id=\"21f7421\" data-element_type=\"widget\" data-e-type=\"widget\" data-widget_type=\"heading.default\">\n\t\t\t\t<div class=\"elementor-widget-container\">\n\t\t\t\t\t<h2 class=\"elementor-heading-title elementor-size-default\">Normas y Reglamentaciones\n<\/h2>\t\t\t\t<\/div>\n\t\t\t\t<\/div>\n\t\t\t\t<div class=\"elementor-element elementor-element-4ad5e08 elementor-widget elementor-widget-spacer\" data-id=\"4ad5e08\" data-element_type=\"widget\" data-e-type=\"widget\" data-widget_type=\"spacer.default\">\n\t\t\t\t<div class=\"elementor-widget-container\">\n\t\t\t\t\t\t\t<div class=\"elementor-spacer\">\n\t\t\t<div class=\"elementor-spacer-inner\"><\/div>\n\t\t<\/div>\n\t\t\t\t\t\t<\/div>\n\t\t\t\t<\/div>\n\t\t\t\t<div class=\"elementor-element elementor-element-ed7e857 elementor-widget elementor-widget-text-editor\" data-id=\"ed7e857\" data-element_type=\"widget\" data-e-type=\"widget\" data-widget_type=\"text-editor.default\">\n\t\t\t\t<div class=\"elementor-widget-container\">\n\t\t\t\t\t\t\t\t\t<p><strong>Estatuto del CIC\u00a0<\/strong><\/p><p>El Estatuto del CIC establece las normas y directrices que rigen el funcionamiento y la estructura del CIC. Este estatuto detalla los objetivos, las competencias y las responsabilidades de la entidad, as\u00ed como los derechos y obligaciones de sus miembros.<\/p><p>\u00a0Principales Aspectos:<br \/>&#8211; Finalidad y Objetivos: El CIC tiene como misi\u00f3n promover, regular y fiscalizar las actividades velando por el cumplimiento de las normativas establecidas.<br \/>&#8211; Estructura Organizativa: El estatuto define la composici\u00f3n del \u00f3rgano directivo, incluyendo las funciones de cada cargo y los procedimientos para su elecci\u00f3n.<br \/>&#8211; Derechos y Obligaciones de los Miembros: Se detallan las normas de conducta y las responsabilidades que los miembros del CIC deben cumplir, as\u00ed como los derechos que se les otorgan en el ejercicio de sus funciones.<br \/>&#8211; Mecanismos de Control: Se establecen los procedimientos para la fiscalizaci\u00f3n interna y la toma de decisiones en caso de conflictos o irregularidades.<\/p><p>Este documento es esencial para comprender c\u00f3mo opera el CIC y c\u00f3mo se garantiza la transparencia y la eficiencia en sus actividades.<\/p><p style=\"text-align: center;\"><strong>Si deseas profundizar en el estatuto completo, puedes descargar el documento aqu\u00ed:<\/strong><\/p>\t\t\t\t\t\t\t\t<\/div>\n\t\t\t\t<\/div>\n\t\t\t\t<div class=\"elementor-element elementor-element-f910f32 elementor-align-center elementor-widget elementor-widget-button\" data-id=\"f910f32\" data-element_type=\"widget\" data-e-type=\"widget\" data-widget_type=\"button.default\">\n\t\t\t\t<div class=\"elementor-widget-container\">\n\t\t\t\t\t\t\t\t\t<div class=\"elementor-button-wrapper\">\n\t\t\t\t\t<a class=\"elementor-button elementor-button-link elementor-size-sm\" href=\"https:\/\/ingenieroscatamarca.org\/wp-content\/uploads\/2024\/08\/ESTATUTO-CIC.pdf\">\n\t\t\t\t\t\t<span class=\"elementor-button-content-wrapper\">\n\t\t\t\t\t\t\t\t\t<span class=\"elementor-button-text\">VISUALIZAR<\/span>\n\t\t\t\t\t<\/span>\n\t\t\t\t\t<\/a>\n\t\t\t\t<\/div>\n\t\t\t\t\t\t\t\t<\/div>\n\t\t\t\t<\/div>\n\t\t\t\t\t<\/div>\n\t\t\t\t<\/div>\n\t\t\t\t<\/div>\n\t\t","protected":false},"excerpt":{"rendered":"<p>Normas y Reglamentaciones Estatuto del CIC\u00a0 El Estatuto del CIC establece las normas y directrices que rigen el funcionamiento y la estructura del CIC. Este estatuto detalla los objetivos, las competencias y las responsabilidades de la entidad, as\u00ed como los derechos y obligaciones de sus miembros. \u00a0Principales Aspectos:&#8211; Finalidad y [&hellip;]<\/p>\n","protected":false},"author":1,"featured_media":0,"parent":0,"menu_order":0,"comment_status":"closed","ping_status":"closed","template":"page-templates\/template-pagebuilder-full-width.php","meta":{"_monsterinsights_skip_tracking":false,"_monsterinsights_sitenote_active":false,"_monsterinsights_sitenote_note":"","_monsterinsights_sitenote_category":0,"footnotes":""},"class_list":["post-140","page","type-page","status-publish","hentry"],"aioseo_notices":[],"_links":{"self":[{"href":"https:\/\/ingenieroscatamarca.org\/index.php?rest_route=\/wp\/v2\/pages\/140"}],"collection":[{"href":"https:\/\/ingenieroscatamarca.org\/index.php?rest_route=\/wp\/v2\/pages"}],"about":[{"href":"https:\/\/ingenieroscatamarca.org\/index.php?rest_route=\/wp\/v2\/types\/page"}],"author":[{"embeddable":true,"href":"https:\/\/ingenieroscatamarca.org\/index.php?rest_route=\/wp\/v2\/users\/1"}],"replies":[{"embeddable":true,"href":"https:\/\/ingenieroscatamarca.org\/index.php?rest_route=%2Fwp%2Fv2%2Fcomments&post=140"}],"version-history":[{"count":7,"href":"https:\/\/ingenieroscatamarca.org\/index.php?rest_route=\/wp\/v2\/pages\/140\/revisions"}],"predecessor-version":[{"id":554,"href":"https:\/\/ingenieroscatamarca.org\/index.php?rest_route=\/wp\/v2\/pages\/140\/revisions\/554"}],"wp:attachment":[{"href":"https:\/\/ingenieroscatamarca.org\/index.php?rest_route=%2Fwp%2Fv2%2Fmedia&parent=140"}],"curies":[{"name":"wp","href":"https:\/\/api.w.org\/{rel}","templated":true}]}}