{"id":14,"date":"2024-08-01T21:34:10","date_gmt":"2024-08-02T00:34:10","guid":{"rendered":"https:\/\/ingenieroscatamarca.org\/?page_id=14"},"modified":"2024-08-10T12:51:58","modified_gmt":"2024-08-10T15:51:58","slug":"contact","status":"publish","type":"page","link":"https:\/\/ingenieroscatamarca.org\/?page_id=14","title":{"rendered":"Contact"},"content":{"rendered":"\t\t<div data-elementor-type=\"wp-page\" data-elementor-id=\"14\" class=\"elementor elementor-14\">\n\t\t\t\t<div class=\"elementor-element elementor-element-0b75e66 e-con-full e-flex e-con e-parent\" data-id=\"0b75e66\" data-element_type=\"container\" data-e-type=\"container\">\n\t\t\t\t<div class=\"elementor-element elementor-element-d00dd32 elementor-widget elementor-widget-google_maps\" data-id=\"d00dd32\" data-element_type=\"widget\" data-e-type=\"widget\" data-widget_type=\"google_maps.default\">\n\t\t\t\t<div class=\"elementor-widget-container\">\n\t\t\t\t\t\t\t<div class=\"elementor-custom-embed\">\n\t\t\t<iframe loading=\"lazy\"\n\t\t\t\t\tsrc=\"https:\/\/maps.google.com\/maps?q=9%20de%20julio%20416%20catamarca%20argentina&#038;t=m&#038;z=20&#038;output=embed&#038;iwloc=near\"\n\t\t\t\t\ttitle=\"9 de julio 416 catamarca argentina\"\n\t\t\t\t\taria-label=\"9 de julio 416 catamarca argentina\"\n\t\t\t><\/iframe>\n\t\t<\/div>\n\t\t\t\t\t\t<\/div>\n\t\t\t\t<\/div>\n\t\t\t\t<\/div>\n\t\t<div class=\"elementor-element elementor-element-ba1c015 e-con-full e-flex e-con e-parent\" data-id=\"ba1c015\" data-element_type=\"container\" data-e-type=\"container\">\n\t\t\t\t<div class=\"elementor-element elementor-element-93d4582 elementor-widget elementor-widget-spacer\" data-id=\"93d4582\" data-element_type=\"widget\" data-e-type=\"widget\" data-widget_type=\"spacer.default\">\n\t\t\t\t<div class=\"elementor-widget-container\">\n\t\t\t\t\t\t\t<div class=\"elementor-spacer\">\n\t\t\t<div class=\"elementor-spacer-inner\"><\/div>\n\t\t<\/div>\n\t\t\t\t\t\t<\/div>\n\t\t\t\t<\/div>\n\t\t\t\t<\/div>\n\t\t<div class=\"elementor-element elementor-element-76aa5fd e-con-full e-flex e-con e-parent\" data-id=\"76aa5fd\" data-element_type=\"container\" data-e-type=\"container\">\n\t\t<div class=\"elementor-element elementor-element-b2bf54b e-con-full e-flex e-con e-child\" data-id=\"b2bf54b\" data-element_type=\"container\" data-e-type=\"container\">\n\t\t\t\t<div class=\"elementor-element elementor-element-c3e925d elementor-widget__width-initial elementor-widget elementor-widget-wpforms\" data-id=\"c3e925d\" data-element_type=\"widget\" data-e-type=\"widget\" data-widget_type=\"wpforms.default\">\n\t\t\t\t<div class=\"elementor-widget-container\">\n\t\t\t\t\t<div class=\"wpforms-container wpforms-container-full\" id=\"wpforms-37\"><form id=\"wpforms-form-37\" class=\"wpforms-validate wpforms-form\" data-formid=\"37\" method=\"post\" enctype=\"multipart\/form-data\" action=\"\/index.php?rest_route=%2Fwp%2Fv2%2Fpages%2F14\" data-token=\"27cac6d724d5072808c17106bb68748f\" data-token-time=\"1777385287\"><noscript class=\"wpforms-error-noscript\">Please enable JavaScript in your browser to complete this form.<\/noscript><div class=\"wpforms-field-container\"><div id=\"wpforms-37-field_0-container\" class=\"wpforms-field wpforms-field-name wpforms-one-half wpforms-first\" data-field-id=\"0\"><label class=\"wpforms-field-label wpforms-label-hide\" for=\"wpforms-37-field_0\">Nombre <span class=\"wpforms-required-label\">*<\/span><\/label><input type=\"text\" id=\"wpforms-37-field_0\" class=\"wpforms-field-large wpforms-field-required\" name=\"wpforms[fields][0]\" placeholder=\"Nombre\" required><\/div><div id=\"wpforms-37-field_3-container\" class=\"wpforms-field wpforms-field-email wpforms-one-half\" data-field-id=\"3\"><label class=\"wpforms-field-label wpforms-label-hide\" for=\"wpforms-37-field_3\">Email <span class=\"wpforms-required-label\">*<\/span><\/label><input type=\"email\" id=\"wpforms-37-field_3\" class=\"wpforms-field-large wpforms-field-required\" name=\"wpforms[fields][3]\" placeholder=\"Email\" spellcheck=\"false\" required><\/div><div id=\"wpforms-37-field_4-container\" class=\"wpforms-field wpforms-field-text\" data-field-id=\"4\"><label class=\"wpforms-field-label wpforms-label-hide\" for=\"wpforms-37-field_4\">Asunto<\/label><input type=\"text\" id=\"wpforms-37-field_4\" class=\"wpforms-field-large\" name=\"wpforms[fields][4]\" placeholder=\"Asunto\" ><\/div><div id=\"wpforms-37-field_2-container\" class=\"wpforms-field wpforms-field-textarea\" data-field-id=\"2\"><label class=\"wpforms-field-label wpforms-label-hide\" for=\"wpforms-37-field_2\">Mensaje <span class=\"wpforms-required-label\">*<\/span><\/label><textarea id=\"wpforms-37-field_2\" class=\"wpforms-field-medium wpforms-field-required\" name=\"wpforms[fields][2]\" placeholder=\"Tu Mensaje\" required><\/textarea><\/div><\/div><!-- .wpforms-field-container --><div class=\"wpforms-submit-container\" ><input type=\"hidden\" name=\"wpforms[id]\" value=\"37\"><input type=\"hidden\" name=\"page_title\" value=\"\"><input type=\"hidden\" name=\"page_url\" value=\"https:\/\/ingenieroscatamarca.org\/index.php?rest_route=\/wp\/v2\/pages\/14\"><input type=\"hidden\" name=\"url_referer\" value=\"\"><button type=\"submit\" name=\"wpforms[submit]\" id=\"wpforms-submit-37\" class=\"wpforms-submit\" data-alt-text=\"Enviando...\" data-submit-text=\"Enviar Mensaje\" aria-live=\"assertive\" value=\"wpforms-submit\">Enviar Mensaje<\/button><\/div><\/form><\/div>  <!-- .wpforms-container -->\t\t\t\t<\/div>\n\t\t\t\t<\/div>\n\t\t\t\t<\/div>\n\t\t\t\t<div class=\"elementor-element elementor-element-1d8c555 elementor-widget elementor-widget-spacer\" data-id=\"1d8c555\" data-element_type=\"widget\" data-e-type=\"widget\" data-widget_type=\"spacer.default\">\n\t\t\t\t<div class=\"elementor-widget-container\">\n\t\t\t\t\t\t\t<div class=\"elementor-spacer\">\n\t\t\t<div class=\"elementor-spacer-inner\"><\/div>\n\t\t<\/div>\n\t\t\t\t\t\t<\/div>\n\t\t\t\t<\/div>\n\t\t<div class=\"elementor-element elementor-element-8661928 e-con-full e-flex e-con e-child\" data-id=\"8661928\" data-element_type=\"container\" data-e-type=\"container\">\n\t\t<div class=\"elementor-element elementor-element-84ddc83 e-con-full e-flex e-con e-child\" data-id=\"84ddc83\" data-element_type=\"container\" data-e-type=\"container\">\n\t\t\t\t<div class=\"elementor-element elementor-element-1462774 elementor-widget elementor-widget-text-editor\" data-id=\"1462774\" data-element_type=\"widget\" data-e-type=\"widget\" data-widget_type=\"text-editor.default\">\n\t\t\t\t<div class=\"elementor-widget-container\">\n\t\t\t\t\t\t\t\t\t<!-- Aseg\u00farate de incluir el enlace a Font Awesome en el <head> de tu sitio -->\n<link rel=\"stylesheet\" href=\"https:\/\/cdnjs.cloudflare.com\/ajax\/libs\/font-awesome\/6.0.0-beta3\/css\/all.min.css\">\n\n<style>\n    .contact-info {\n        display: flex;\n        align-items: flex-start; \/* Alinea el icono y el texto al inicio *\/\n        margin-bottom: 15px;\n    }\n    .contact-info i {\n        font-size: 2em; \/* Tama\u00f1o del icono *\/\n        margin-right: 20px; \/* Espacio entre el icono y el texto *\/\n    }\n    .contact-info div {\n        line-height: 1.5; \/* Ajuste para la alineaci\u00f3n del texto *\/\n    }\n    .contact-info strong {\n        display: block;\n        margin-bottom: 5px; \/* Espacio debajo del texto en negrita *\/\n    }\n    .contact-info p {\n        margin: 0; \/* Eliminar margen por defecto *\/\n    }\n<\/style>\n\n<div class=\"contact-info\">\n    <i class=\"fas fa-map-marker-alt\"><\/i>\n    <div>\n        <strong>Direcci\u00f3n:<\/strong>\n        <p>9 de Julio 416<br>\n        San Fernando del Valle de Catamarca<br>\n        Argentina<\/p>\n    <\/div>\n<\/div>\n\n<div class=\"contact-info\">\n    <i class=\"fas fa-envelope\"><\/i>\n    <div>\n        <strong>Correo Electr\u00f3nico:<\/strong>\n        <p><a href=\"mailto:ingecatamarca@gmail.com\">ingecatamarca@gmail.com<\/a><\/p>\n    <\/div>\n<\/div>\n\n<div class=\"contact-info\">\n    <i class=\"fas fa-phone-alt\"><\/i>\n    <div>\n        <strong>Tel\u00e9fono:<\/strong>\n        <p>+54 9 383 402-3063<\/p>\n    <\/div>\n<\/div>\n\t\t\t\t\t\t\t\t<\/div>\n\t\t\t\t<\/div>\n\t\t\t\t<\/div>\n\t\t\t\t<\/div>\n\t\t\t\t<\/div>\n\t\t<div class=\"elementor-element elementor-element-9fd6a6e e-flex e-con-boxed e-con e-parent\" data-id=\"9fd6a6e\" data-element_type=\"container\" data-e-type=\"container\">\n\t\t\t\t\t<div class=\"e-con-inner\">\n\t\t\t\t<div class=\"elementor-element elementor-element-a47d5ca elementor-widget elementor-widget-spacer\" data-id=\"a47d5ca\" data-element_type=\"widget\" data-e-type=\"widget\" data-widget_type=\"spacer.default\">\n\t\t\t\t<div class=\"elementor-widget-container\">\n\t\t\t\t\t\t\t<div class=\"elementor-spacer\">\n\t\t\t<div class=\"elementor-spacer-inner\"><\/div>\n\t\t<\/div>\n\t\t\t\t\t\t<\/div>\n\t\t\t\t<\/div>\n\t\t\t\t\t<\/div>\n\t\t\t\t<\/div>\n\t\t\t\t<\/div>\n\t\t","protected":false},"excerpt":{"rendered":"<p>Please enable JavaScript in your browser to complete this form.Nombre *Email *AsuntoMensaje * Enviar Mensaje Direcci\u00f3n: 9 de Julio 416 San Fernando del Valle de Catamarca Argentina Correo Electr\u00f3nico: ingecatamarca@gmail.com Tel\u00e9fono: +54 9 383 402-3063<\/p>\n","protected":false},"author":1,"featured_media":0,"parent":0,"menu_order":0,"comment_status":"closed","ping_status":"closed","template":"page-templates\/template-pagebuilder-full-width.php","meta":{"_monsterinsights_skip_tracking":false,"_monsterinsights_sitenote_active":false,"_monsterinsights_sitenote_note":"","_monsterinsights_sitenote_category":0,"footnotes":""},"class_list":["post-14","page","type-page","status-publish","hentry"],"aioseo_notices":[],"_links":{"self":[{"href":"https:\/\/ingenieroscatamarca.org\/index.php?rest_route=\/wp\/v2\/pages\/14"}],"collection":[{"href":"https:\/\/ingenieroscatamarca.org\/index.php?rest_route=\/wp\/v2\/pages"}],"about":[{"href":"https:\/\/ingenieroscatamarca.org\/index.php?rest_route=\/wp\/v2\/types\/page"}],"author":[{"embeddable":true,"href":"https:\/\/ingenieroscatamarca.org\/index.php?rest_route=\/wp\/v2\/users\/1"}],"replies":[{"embeddable":true,"href":"https:\/\/ingenieroscatamarca.org\/index.php?rest_route=%2Fwp%2Fv2%2Fcomments&post=14"}],"version-history":[{"count":54,"href":"https:\/\/ingenieroscatamarca.org\/index.php?rest_route=\/wp\/v2\/pages\/14\/revisions"}],"predecessor-version":[{"id":383,"href":"https:\/\/ingenieroscatamarca.org\/index.php?rest_route=\/wp\/v2\/pages\/14\/revisions\/383"}],"wp:attachment":[{"href":"https:\/\/ingenieroscatamarca.org\/index.php?rest_route=%2Fwp%2Fv2%2Fmedia&parent=14"}],"curies":[{"name":"wp","href":"https:\/\/api.w.org\/{rel}","templated":true}]}}