{"id":139,"date":"2024-08-02T09:44:41","date_gmt":"2024-08-02T12:44:41","guid":{"rendered":"https:\/\/ingenieroscatamarca.org\/?page_id=139"},"modified":"2024-08-29T19:28:08","modified_gmt":"2024-08-29T22:28:08","slug":"legislacion","status":"publish","type":"page","link":"https:\/\/ingenieroscatamarca.org\/?page_id=139","title":{"rendered":"Legislaci\u00f3n"},"content":{"rendered":"\t\t<div data-elementor-type=\"wp-page\" data-elementor-id=\"139\" class=\"elementor elementor-139\">\n\t\t\t\t<div class=\"elementor-element elementor-element-dc912b1 e-con-full e-flex e-con e-parent\" data-id=\"dc912b1\" data-element_type=\"container\" data-e-type=\"container\">\n\t\t\t\t<div class=\"elementor-element elementor-element-34e7b2b elementor-widget elementor-widget-spacer\" data-id=\"34e7b2b\" data-element_type=\"widget\" data-e-type=\"widget\" data-widget_type=\"spacer.default\">\n\t\t\t\t<div class=\"elementor-widget-container\">\n\t\t\t\t\t\t\t<div class=\"elementor-spacer\">\n\t\t\t<div class=\"elementor-spacer-inner\"><\/div>\n\t\t<\/div>\n\t\t\t\t\t\t<\/div>\n\t\t\t\t<\/div>\n\t\t\t\t<div class=\"elementor-element elementor-element-be0f3c3 elementor-widget elementor-widget-heading\" data-id=\"be0f3c3\" data-element_type=\"widget\" data-e-type=\"widget\" data-widget_type=\"heading.default\">\n\t\t\t\t<div class=\"elementor-widget-container\">\n\t\t\t\t\t<h2 class=\"elementor-heading-title elementor-size-default\">Legislaci\u00f3n <\/h2>\t\t\t\t<\/div>\n\t\t\t\t<\/div>\n\t\t\t\t<div class=\"elementor-element elementor-element-8dbdb0e elementor-widget elementor-widget-spacer\" data-id=\"8dbdb0e\" data-element_type=\"widget\" data-e-type=\"widget\" data-widget_type=\"spacer.default\">\n\t\t\t\t<div class=\"elementor-widget-container\">\n\t\t\t\t\t\t\t<div class=\"elementor-spacer\">\n\t\t\t<div class=\"elementor-spacer-inner\"><\/div>\n\t\t<\/div>\n\t\t\t\t\t\t<\/div>\n\t\t\t\t<\/div>\n\t\t\t\t<div class=\"elementor-element elementor-element-b332a6e elementor-widget elementor-widget-text-editor\" data-id=\"b332a6e\" data-element_type=\"widget\" data-e-type=\"widget\" data-widget_type=\"text-editor.default\">\n\t\t\t\t<div class=\"elementor-widget-container\">\n\t\t\t\t\t\t\t\t\t<p><b>\u00a0Ley 4996 y Decreto 62\/2000 &#8211; R\u00e9gimen para Matr\u00edcula Profesional<\/b><\/p><p>La Ley 4996, junto con su reglamentaci\u00f3n a trav\u00e9s del Decreto 62\/2000, constituye el pilar fundamental para la regulaci\u00f3n de la matr\u00edcula profesional.<\/p><p>Este marco legal tiene como objetivo asegurar que los profesionales cuenten con las cualificaciones necesarias para ejercer de manera id\u00f3nea, protegiendo tanto a los profesionales como a la sociedad en general.<\/p><p>Entre los aspectos m\u00e1s importantes de esta legislaci\u00f3n se encuentran la definici\u00f3n clara de los requisitos para la obtenci\u00f3n de la matr\u00edcula, las obligaciones que los profesionales deben cumplir durante el ejercicio de su actividad, y las sanciones aplicables en caso de incumplimiento. Adem\u00e1s, se contemplan los derechos que asisten a los profesionales matriculados, garantizando un entorno laboral justo y regulado.<\/p><p>La importancia de la Ley 4996 radica en su capacidad para establecer un est\u00e1ndar de calidad y responsabilidad en el ejercicio profesional. Contribuye a asegurar que quienes operan en el sector lo hagan con la capacitaci\u00f3n y la \u00e9tica adecuadas, promoviendo la confianza del p\u00fablico en los servicios que reciben.<\/p><p>Por su parte, el Decreto 62\/2000 ofrece un desarrollo detallado de los procedimientos administrativos y de control necesarios para la implementaci\u00f3n efectiva de la ley. Esto incluye la creaci\u00f3n de mecanismos de seguimiento y fiscalizaci\u00f3n que aseguran el correcto cumplimiento de las normativas, as\u00ed como las v\u00edas de recurso en caso de conflicto.<\/p><p>La correcta comprensi\u00f3n y aplicaci\u00f3n de esta normativa es esencial para todos los profesionales que deseen matricularse y ejercer dentro del marco legal vigente. Te invitamos a descargar el documento completo para explorar en detalle todas las disposiciones, requisitos y procedimientos establecidos por la Ley 4996 y el Decreto 62\/2000.<\/p><p><\/p><p style=\"text-align: center;\"><b>Accede al texto completo de la normativa aqu\u00ed:<\/b><\/p>\t\t\t\t\t\t\t\t<\/div>\n\t\t\t\t<\/div>\n\t\t\t\t<div class=\"elementor-element elementor-element-0a9a87f elementor-align-center elementor-widget elementor-widget-button\" data-id=\"0a9a87f\" data-element_type=\"widget\" data-e-type=\"widget\" data-widget_type=\"button.default\">\n\t\t\t\t<div class=\"elementor-widget-container\">\n\t\t\t\t\t\t\t\t\t<div class=\"elementor-button-wrapper\">\n\t\t\t\t\t<a class=\"elementor-button elementor-button-link elementor-size-sm\" href=\"https:\/\/ingenieroscatamarca.org\/wp-content\/uploads\/2024\/08\/LEY-4996-Y-DECRETO-62-2000-1.pdf\">\n\t\t\t\t\t\t<span class=\"elementor-button-content-wrapper\">\n\t\t\t\t\t\t\t\t\t<span class=\"elementor-button-text\">VISUALIZAR<\/span>\n\t\t\t\t\t<\/span>\n\t\t\t\t\t<\/a>\n\t\t\t\t<\/div>\n\t\t\t\t\t\t\t\t<\/div>\n\t\t\t\t<\/div>\n\t\t\t\t<\/div>\n\t\t\t\t<\/div>\n\t\t","protected":false},"excerpt":{"rendered":"<p>Legislaci\u00f3n \u00a0Ley 4996 y Decreto 62\/2000 &#8211; R\u00e9gimen para Matr\u00edcula Profesional La Ley 4996, junto con su reglamentaci\u00f3n a trav\u00e9s del Decreto 62\/2000, constituye el pilar fundamental para la regulaci\u00f3n de la matr\u00edcula profesional. Este marco legal tiene como objetivo asegurar que los profesionales cuenten con las cualificaciones necesarias para [&hellip;]<\/p>\n","protected":false},"author":1,"featured_media":0,"parent":0,"menu_order":0,"comment_status":"closed","ping_status":"closed","template":"page-templates\/template-pagebuilder-full-width.php","meta":{"_monsterinsights_skip_tracking":false,"_monsterinsights_sitenote_active":false,"_monsterinsights_sitenote_note":"","_monsterinsights_sitenote_category":0,"footnotes":""},"class_list":["post-139","page","type-page","status-publish","hentry"],"aioseo_notices":[],"_links":{"self":[{"href":"https:\/\/ingenieroscatamarca.org\/index.php?rest_route=\/wp\/v2\/pages\/139"}],"collection":[{"href":"https:\/\/ingenieroscatamarca.org\/index.php?rest_route=\/wp\/v2\/pages"}],"about":[{"href":"https:\/\/ingenieroscatamarca.org\/index.php?rest_route=\/wp\/v2\/types\/page"}],"author":[{"embeddable":true,"href":"https:\/\/ingenieroscatamarca.org\/index.php?rest_route=\/wp\/v2\/users\/1"}],"replies":[{"embeddable":true,"href":"https:\/\/ingenieroscatamarca.org\/index.php?rest_route=%2Fwp%2Fv2%2Fcomments&post=139"}],"version-history":[{"count":28,"href":"https:\/\/ingenieroscatamarca.org\/index.php?rest_route=\/wp\/v2\/pages\/139\/revisions"}],"predecessor-version":[{"id":1202,"href":"https:\/\/ingenieroscatamarca.org\/index.php?rest_route=\/wp\/v2\/pages\/139\/revisions\/1202"}],"wp:attachment":[{"href":"https:\/\/ingenieroscatamarca.org\/index.php?rest_route=%2Fwp%2Fv2%2Fmedia&parent=139"}],"curies":[{"name":"wp","href":"https:\/\/api.w.org\/{rel}","templated":true}]}}