{"id":1158,"date":"2024-08-29T18:35:27","date_gmt":"2024-08-29T21:35:27","guid":{"rendered":"https:\/\/ingenieroscatamarca.org\/?page_id=1158"},"modified":"2025-09-16T17:46:58","modified_gmt":"2025-09-16T20:46:58","slug":"descuento-en-comercios","status":"publish","type":"page","link":"https:\/\/ingenieroscatamarca.org\/?page_id=1158","title":{"rendered":"Descuento en Comercios"},"content":{"rendered":"\t\t<div data-elementor-type=\"wp-page\" data-elementor-id=\"1158\" class=\"elementor elementor-1158\">\n\t\t\t\t<div class=\"elementor-element elementor-element-358c4a77 e-flex e-con-boxed e-con e-parent\" data-id=\"358c4a77\" data-element_type=\"container\" data-e-type=\"container\">\n\t\t\t\t\t<div class=\"e-con-inner\">\n\t\t\t\t<div class=\"elementor-element elementor-element-6fa143d5 elementor-widget elementor-widget-text-editor\" data-id=\"6fa143d5\" data-element_type=\"widget\" data-e-type=\"widget\" data-widget_type=\"text-editor.default\">\n\t\t\t\t<div class=\"elementor-widget-container\">\n\t\t\t\t\t\t\t\t\t<p><\/p>\n<p><strong>Convenio con Toyota del Parque S.A.<\/strong><\/p>\n<p><\/p>\n<p><\/p>\n<p>Con la presencia de nuestra Vicepresidente Ing. Mar\u00eda de los \u00c1ngeles Molina y el Ing. Pablo Avil\u00e9s de la Concesionaria Toyota del Parque SA, se ha firmado un convenio por el cual al suscribir un plan de ahorro en cualquiera de sus modelos se acceder\u00e1 a una bonificaci\u00f3n del 50% del monto de la primera cuota y a un voucher intransferible de $ 1.000.000 para ser utilizado al retirar el veh\u00edculo o para la compra de accesorios originales de la marca. Este beneficio tendr\u00e1 vigencia hasta el 31\/5\/2026.<\/p>\n<div><br \/>\n<p><img fetchpriority=\"high\" decoding=\"async\" src=\"https:\/\/ingenieroscatamarca.org\/wp-content\/uploads\/2025\/09\/WhatsApp-Image-2025-09-15-at-17.48.46-819x1024.jpeg\" alt=\"\" width=\"750\" height=\"938\" class=\"alignnone wp-image-2043 size-large\" srcset=\"https:\/\/ingenieroscatamarca.org\/wp-content\/uploads\/2025\/09\/WhatsApp-Image-2025-09-15-at-17.48.46-819x1024.jpeg 819w, https:\/\/ingenieroscatamarca.org\/wp-content\/uploads\/2025\/09\/WhatsApp-Image-2025-09-15-at-17.48.46-240x300.jpeg 240w, https:\/\/ingenieroscatamarca.org\/wp-content\/uploads\/2025\/09\/WhatsApp-Image-2025-09-15-at-17.48.46-768x960.jpeg 768w, https:\/\/ingenieroscatamarca.org\/wp-content\/uploads\/2025\/09\/WhatsApp-Image-2025-09-15-at-17.48.46.jpeg 1080w\" sizes=\"(max-width: 750px) 100vw, 750px\" \/><\/p>\n<p><\/p>\n<p><\/p>\n<p><\/p>\n<p><\/p>\n<p data-wp-interactive=\"core\/file\"><\/p>\n<p><\/p>\n<p><\/p>\n<\/div>\t\t\t\t\t\t\t\t<\/div>\n\t\t\t\t<\/div>\n\t\t\t\t<div class=\"elementor-element elementor-element-944e657 elementor-widget elementor-widget-text-editor\" data-id=\"944e657\" data-element_type=\"widget\" data-e-type=\"widget\" data-widget_type=\"text-editor.default\">\n\t\t\t\t<div class=\"elementor-widget-container\">\n\t\t\t\t\t\t\t\t\t<p><\/p>\n<p><strong>Convenio con Humanus &amp; PowerFeet<\/strong><\/p>\n<p><\/p>\n<p><\/p>\n<p>Se ha firmado convenio con Humanus &amp; Powerfeet por el cual los ingenieros habilitados contar\u00e1n con un descuento del 30 % por pago en efectivo en la compra de productos y servicios (evaluaci\u00f3n de movimiento, pisada, postura, marcha y plantillas de reprogramaci\u00f3n postural) en su local de calle Prado esq. Vicario Segura.<\/p>\n<p><\/p>\n<p><\/p>\n<figure class=\"wp-block-image size-large\"><img decoding=\"async\" width=\"1024\" height=\"819\" src=\"https:\/\/ingenieroscatamarca.org\/wp-content\/uploads\/2025\/04\/WhatsApp-Image-2025-04-07-at-19.54.03-1024x819.jpeg\" alt=\"\" class=\"wp-image-1723\" srcset=\"https:\/\/ingenieroscatamarca.org\/wp-content\/uploads\/2025\/04\/WhatsApp-Image-2025-04-07-at-19.54.03-1024x819.jpeg 1024w, https:\/\/ingenieroscatamarca.org\/wp-content\/uploads\/2025\/04\/WhatsApp-Image-2025-04-07-at-19.54.03-300x240.jpeg 300w, https:\/\/ingenieroscatamarca.org\/wp-content\/uploads\/2025\/04\/WhatsApp-Image-2025-04-07-at-19.54.03-768x614.jpeg 768w, https:\/\/ingenieroscatamarca.org\/wp-content\/uploads\/2025\/04\/WhatsApp-Image-2025-04-07-at-19.54.03-1536x1229.jpeg 1536w, https:\/\/ingenieroscatamarca.org\/wp-content\/uploads\/2025\/04\/WhatsApp-Image-2025-04-07-at-19.54.03.jpeg 1600w\" sizes=\"(max-width: 1024px) 100vw, 1024px\" \/><\/figure>\n<p><\/p>\n<p><\/p>\n<p><\/p>\n<p><\/p>\n<p data-wp-interactive=\"core\/file\"><\/p>\n<p><\/p>\n<p><\/p>\t\t\t\t\t\t\t\t<\/div>\n\t\t\t\t<\/div>\n\t\t\t\t<div class=\"elementor-element elementor-element-8b3a0ce elementor-widget elementor-widget-spacer\" data-id=\"8b3a0ce\" data-element_type=\"widget\" data-e-type=\"widget\" data-widget_type=\"spacer.default\">\n\t\t\t\t<div class=\"elementor-widget-container\">\n\t\t\t\t\t\t\t<div class=\"elementor-spacer\">\n\t\t\t<div class=\"elementor-spacer-inner\"><\/div>\n\t\t<\/div>\n\t\t\t\t\t\t<\/div>\n\t\t\t\t<\/div>\n\t\t\t\t\t<\/div>\n\t\t\t\t<\/div>\n\t\t<div class=\"elementor-element elementor-element-4a0670c e-flex e-con-boxed e-con e-parent\" data-id=\"4a0670c\" data-element_type=\"container\" data-e-type=\"container\">\n\t\t\t\t\t<div class=\"e-con-inner\">\n\t\t\t\t<div class=\"elementor-element elementor-element-ee3cb6c elementor-widget elementor-widget-image\" data-id=\"ee3cb6c\" data-element_type=\"widget\" data-e-type=\"widget\" data-widget_type=\"image.default\">\n\t\t\t\t<div class=\"elementor-widget-container\">\n\t\t\t\t\t\t\t\t\t\t\t\t<figure class=\"wp-caption\">\n\t\t\t\t\t\t\t\t\t\t<img decoding=\"async\" width=\"639\" height=\"1024\" src=\"https:\/\/ingenieroscatamarca.org\/wp-content\/uploads\/2025\/07\/LEED_redes2_CIC-1-639x1024.png\" class=\"attachment-large size-large wp-image-1965\" alt=\"\" srcset=\"https:\/\/ingenieroscatamarca.org\/wp-content\/uploads\/2025\/07\/LEED_redes2_CIC-1-639x1024.png 639w, https:\/\/ingenieroscatamarca.org\/wp-content\/uploads\/2025\/07\/LEED_redes2_CIC-1-187x300.png 187w, https:\/\/ingenieroscatamarca.org\/wp-content\/uploads\/2025\/07\/LEED_redes2_CIC-1-768x1230.png 768w, https:\/\/ingenieroscatamarca.org\/wp-content\/uploads\/2025\/07\/LEED_redes2_CIC-1.png 799w\" sizes=\"(max-width: 639px) 100vw, 639px\" \/>\t\t\t\t\t\t\t\t\t\t\t<figcaption class=\"widget-image-caption wp-caption-text\">La propuesta ofrece a los matriculados una bonificaci\u00f3n del 25% del arancel general del curso, m\u00e1s un 5% de descuento si se realiza en un solo pago. Adem\u00e1s, habr\u00e1 un descuento adicional del 5% del arancel bonificado por la inscripci\u00f3n de 5 o m\u00e1s profesionales matriculados.<\/figcaption>\n\t\t\t\t\t\t\t\t\t\t<\/figure>\n\t\t\t\t\t\t\t\t\t<\/div>\n\t\t\t\t<\/div>\n\t\t\t\t\t<\/div>\n\t\t\t\t<\/div>\n\t\t<div class=\"elementor-element elementor-element-5550a86 e-flex e-con-boxed e-con e-parent\" data-id=\"5550a86\" data-element_type=\"container\" data-e-type=\"container\">\n\t\t\t\t\t<div class=\"e-con-inner\">\n\t\t\t\t<div class=\"elementor-element elementor-element-3c0875d elementor-widget elementor-widget-spacer\" data-id=\"3c0875d\" data-element_type=\"widget\" data-e-type=\"widget\" data-widget_type=\"spacer.default\">\n\t\t\t\t<div class=\"elementor-widget-container\">\n\t\t\t\t\t\t\t<div class=\"elementor-spacer\">\n\t\t\t<div class=\"elementor-spacer-inner\"><\/div>\n\t\t<\/div>\n\t\t\t\t\t\t<\/div>\n\t\t\t\t<\/div>\n\t\t\t\t<div class=\"elementor-element elementor-element-1fed8e4 elementor-widget elementor-widget-image\" data-id=\"1fed8e4\" data-element_type=\"widget\" data-e-type=\"widget\" data-widget_type=\"image.default\">\n\t\t\t\t<div class=\"elementor-widget-container\">\n\t\t\t\t\t\t\t\t\t\t\t\t<figure class=\"wp-caption\">\n\t\t\t\t\t\t\t\t\t\t<img loading=\"lazy\" decoding=\"async\" width=\"750\" height=\"750\" src=\"https:\/\/ingenieroscatamarca.org\/wp-content\/uploads\/2025\/07\/WhatsApp-Image-2025-07-04-at-17.09.27-1024x1024.jpeg\" class=\"attachment-large size-large wp-image-1975\" alt=\"\" srcset=\"https:\/\/ingenieroscatamarca.org\/wp-content\/uploads\/2025\/07\/WhatsApp-Image-2025-07-04-at-17.09.27-1024x1024.jpeg 1024w, https:\/\/ingenieroscatamarca.org\/wp-content\/uploads\/2025\/07\/WhatsApp-Image-2025-07-04-at-17.09.27-300x300.jpeg 300w, https:\/\/ingenieroscatamarca.org\/wp-content\/uploads\/2025\/07\/WhatsApp-Image-2025-07-04-at-17.09.27-150x150.jpeg 150w, https:\/\/ingenieroscatamarca.org\/wp-content\/uploads\/2025\/07\/WhatsApp-Image-2025-07-04-at-17.09.27-768x768.jpeg 768w, https:\/\/ingenieroscatamarca.org\/wp-content\/uploads\/2025\/07\/WhatsApp-Image-2025-07-04-at-17.09.27.jpeg 1080w\" sizes=\"(max-width: 750px) 100vw, 750px\" \/>\t\t\t\t\t\t\t\t\t\t\t<figcaption class=\"widget-image-caption wp-caption-text\">\ud83c\udfaf \u00bfQuer\u00e9s dominar Civil 3D desde cero con certificaci\u00f3n oficial UTN? Esta es tu oportunidad de dar el salto al mundo del modelado BIM con uno de los programas m\u00e1s usados en arquitectura y construcci\u00f3n.  \ud83e\udde0 Curso Civil 3D | Intensivo  \u2714 Modalidad 100% virtual \u2013 15 clases \/ 30 hs totales \u2714 Certificaci\u00f3n oficial UTN \u2714 Docente especialista: Daniel Knoblovits - Consultor - Especialista en Soluciones de Autodesk  \ud83d\udcc5 Inicio 29 de julio: Martes y jueves de 18 a 20 hs \ud83d\udcf2 Inscribite hoy: https:\/\/forms.gle\/oLfGtzPECF8FHji58   \ud83d\udcb8 VALORES ACCESIBLES Estudiantes, docentes UTN: $250.000 Matriculados habilitados CPI y CAPLAR: $250.000 P\u00fablico en general: $300.000 \ud83d\udc49 Pago en 2 cuotas \ud83d\udc49 Inscripci\u00f3n: $50.000 \ud83c\udf93 Consult\u00e1 por becas para estudiantes  \ud83d\udce9 Contactos: lamsi.utn@gmail.com | WhatsApp: 3804-641449  \ud83d\udcbc Organizan: UTN La Rioja \u00b7 LAMSI \u00b7 BIMETRAR \u00b7 CPI\u00b7 CAPLAR  \ud83d\udcd0 \u00a1Formate en BIM con respaldo universitario y profesionales de primer nivel!<\/figcaption>\n\t\t\t\t\t\t\t\t\t\t<\/figure>\n\t\t\t\t\t\t\t\t\t<\/div>\n\t\t\t\t<\/div>\n\t\t\t\t<div class=\"elementor-element elementor-element-9f3d583 elementor-widget elementor-widget-spacer\" data-id=\"9f3d583\" data-element_type=\"widget\" data-e-type=\"widget\" data-widget_type=\"spacer.default\">\n\t\t\t\t<div class=\"elementor-widget-container\">\n\t\t\t\t\t\t\t<div class=\"elementor-spacer\">\n\t\t\t<div class=\"elementor-spacer-inner\"><\/div>\n\t\t<\/div>\n\t\t\t\t\t\t<\/div>\n\t\t\t\t<\/div>\n\t\t\t\t\t<\/div>\n\t\t\t\t<\/div>\n\t\t<div class=\"elementor-element elementor-element-ee9242a e-flex e-con-boxed e-con e-parent\" data-id=\"ee9242a\" data-element_type=\"container\" data-e-type=\"container\">\n\t\t\t\t\t<div class=\"e-con-inner\">\n\t\t\t\t<div class=\"elementor-element elementor-element-64f0c18 elementor-widget elementor-widget-image\" data-id=\"64f0c18\" data-element_type=\"widget\" data-e-type=\"widget\" data-widget_type=\"image.default\">\n\t\t\t\t<div class=\"elementor-widget-container\">\n\t\t\t\t\t\t\t\t\t\t\t\t<figure class=\"wp-caption\">\n\t\t\t\t\t\t\t\t\t\t<img loading=\"lazy\" decoding=\"async\" width=\"750\" height=\"750\" src=\"https:\/\/ingenieroscatamarca.org\/wp-content\/uploads\/2025\/07\/WhatsApp-Image-2025-07-04-at-17.10.30-1024x1024.jpeg\" class=\"attachment-large size-large wp-image-1976\" alt=\"\" srcset=\"https:\/\/ingenieroscatamarca.org\/wp-content\/uploads\/2025\/07\/WhatsApp-Image-2025-07-04-at-17.10.30-1024x1024.jpeg 1024w, https:\/\/ingenieroscatamarca.org\/wp-content\/uploads\/2025\/07\/WhatsApp-Image-2025-07-04-at-17.10.30-300x300.jpeg 300w, https:\/\/ingenieroscatamarca.org\/wp-content\/uploads\/2025\/07\/WhatsApp-Image-2025-07-04-at-17.10.30-150x150.jpeg 150w, https:\/\/ingenieroscatamarca.org\/wp-content\/uploads\/2025\/07\/WhatsApp-Image-2025-07-04-at-17.10.30-768x768.jpeg 768w, https:\/\/ingenieroscatamarca.org\/wp-content\/uploads\/2025\/07\/WhatsApp-Image-2025-07-04-at-17.10.30.jpeg 1080w\" sizes=\"(max-width: 750px) 100vw, 750px\" \/>\t\t\t\t\t\t\t\t\t\t\t<figcaption class=\"widget-image-caption wp-caption-text\">\ud83c\udfaf \u00bfQuer\u00e9s dominar Infraworks desde cero con certificaci\u00f3n oficial UTN? Esta es tu oportunidad de dar el salto al mundo del modelado BIM con uno de los programas m\u00e1s usados en obras de infraestructura.  \ud83e\udde0 Curso Infraworks | Intensivo  \u2714 Modalidad 100% virtual \u2013 8 clases \/ 16 hs totales \u2714 Certificaci\u00f3n oficial UTN \u2714 Docente especialista: Daniel Knoblovits - Consultor - Especialista en Soluciones de Autodesk  \ud83d\udcc5 Inicio 21 de julio: Lunes y mi\u00e9rcoles de 18 a 20 hs \ud83d\udcf2 Inscribite hoy: https:\/\/forms.gle\/aWrhXdAX3Ts5zyPu7  \ud83d\udcb8 VALORES ACCESIBLES Estudiantes, docentes UTN: $130.000 Matriculados habilitados CPI y CAPLAR: $130.000 P\u00fablico en general: $160.000 \ud83d\udc49 Pago en 2 cuotas \ud83d\udc49 Inscripci\u00f3n: $30.000 \ud83c\udf93 Consult\u00e1 por becas para estudiantes  \ud83d\udce9 Contactos: lamsi.utn@gmail.com | WhatsApp: 3804-641449  \ud83d\udcbc Organizan: UTN La Rioja \u00b7 LAMSI \u00b7 BIMETRAR \u00b7 CPI\u00b7 CAPLAR  \ud83d\udcd0 \u00a1Formate en BIM con respaldo universitario y profesionales de primer nivel!<\/figcaption>\n\t\t\t\t\t\t\t\t\t\t<\/figure>\n\t\t\t\t\t\t\t\t\t<\/div>\n\t\t\t\t<\/div>\n\t\t\t\t\t<\/div>\n\t\t\t\t<\/div>\n\t\t<div class=\"elementor-element elementor-element-c1a0c9d e-flex e-con-boxed e-con e-parent\" data-id=\"c1a0c9d\" data-element_type=\"container\" data-e-type=\"container\">\n\t\t\t\t\t<div class=\"e-con-inner\">\n\t\t\t\t<div class=\"elementor-element elementor-element-d0293e8 elementor-widget elementor-widget-image\" data-id=\"d0293e8\" data-element_type=\"widget\" data-e-type=\"widget\" data-widget_type=\"image.default\">\n\t\t\t\t<div class=\"elementor-widget-container\">\n\t\t\t\t\t\t\t\t\t\t\t\t\t\t\t<img loading=\"lazy\" decoding=\"async\" width=\"686\" height=\"1024\" src=\"https:\/\/ingenieroscatamarca.org\/wp-content\/uploads\/2025\/08\/Icaticana-686x1024.jpeg\" class=\"attachment-large size-large wp-image-1998\" alt=\"\" srcset=\"https:\/\/ingenieroscatamarca.org\/wp-content\/uploads\/2025\/08\/Icaticana-686x1024.jpeg 686w, https:\/\/ingenieroscatamarca.org\/wp-content\/uploads\/2025\/08\/Icaticana-201x300.jpeg 201w, https:\/\/ingenieroscatamarca.org\/wp-content\/uploads\/2025\/08\/Icaticana-768x1146.jpeg 768w, https:\/\/ingenieroscatamarca.org\/wp-content\/uploads\/2025\/08\/Icaticana-1029x1536.jpeg 1029w, https:\/\/ingenieroscatamarca.org\/wp-content\/uploads\/2025\/08\/Icaticana.jpeg 1072w\" sizes=\"(max-width: 686px) 100vw, 686px\" \/>\t\t\t\t\t\t\t\t\t\t\t\t\t\t\t<\/div>\n\t\t\t\t<\/div>\n\t\t\t\t\t<\/div>\n\t\t\t\t<\/div>\n\t\t\t\t<\/div>\n\t\t","protected":false},"excerpt":{"rendered":"<p>Convenio con Toyota del Parque S.A. Con la presencia de nuestra Vicepresidente Ing. Mar\u00eda de los \u00c1ngeles Molina y el Ing. Pablo Avil\u00e9s de la Concesionaria Toyota del Parque SA, se ha firmado un convenio por el cual al suscribir un plan de ahorro en cualquiera de sus modelos se [&hellip;]<\/p>\n","protected":false},"author":1,"featured_media":1723,"parent":0,"menu_order":0,"comment_status":"closed","ping_status":"closed","template":"","meta":{"_monsterinsights_skip_tracking":false,"_monsterinsights_sitenote_active":false,"_monsterinsights_sitenote_note":"","_monsterinsights_sitenote_category":0,"footnotes":""},"class_list":["post-1158","page","type-page","status-publish","has-post-thumbnail","hentry"],"aioseo_notices":[],"_links":{"self":[{"href":"https:\/\/ingenieroscatamarca.org\/index.php?rest_route=\/wp\/v2\/pages\/1158"}],"collection":[{"href":"https:\/\/ingenieroscatamarca.org\/index.php?rest_route=\/wp\/v2\/pages"}],"about":[{"href":"https:\/\/ingenieroscatamarca.org\/index.php?rest_route=\/wp\/v2\/types\/page"}],"author":[{"embeddable":true,"href":"https:\/\/ingenieroscatamarca.org\/index.php?rest_route=\/wp\/v2\/users\/1"}],"replies":[{"embeddable":true,"href":"https:\/\/ingenieroscatamarca.org\/index.php?rest_route=%2Fwp%2Fv2%2Fcomments&post=1158"}],"version-history":[{"count":30,"href":"https:\/\/ingenieroscatamarca.org\/index.php?rest_route=\/wp\/v2\/pages\/1158\/revisions"}],"predecessor-version":[{"id":2052,"href":"https:\/\/ingenieroscatamarca.org\/index.php?rest_route=\/wp\/v2\/pages\/1158\/revisions\/2052"}],"wp:featuredmedia":[{"embeddable":true,"href":"https:\/\/ingenieroscatamarca.org\/index.php?rest_route=\/wp\/v2\/media\/1723"}],"wp:attachment":[{"href":"https:\/\/ingenieroscatamarca.org\/index.php?rest_route=%2Fwp%2Fv2%2Fmedia&parent=1158"}],"curies":[{"name":"wp","href":"https:\/\/api.w.org\/{rel}","templated":true}]}}